{"id":234,"date":"2020-06-01T00:00:00","date_gmt":"2020-05-31T22:00:00","guid":{"rendered":"https:\/\/dalmatia.spielmannszug-koenigslutter.de\/?page_id=234"},"modified":"2023-10-23T22:29:09","modified_gmt":"2023-10-23T20:29:09","slug":"oeffnunszeiten","status":"publish","type":"page","link":"https:\/\/www.dalmatia-koenigslutter.de\/?page_id=234","title":{"rendered":"\u00d6ffnunszeiten"},"content":{"rendered":"\n<p><strong>6 (7) Tage in der Woche ge\u00f6ffnet!<\/strong><\/p>\n\n\n\n<p><br>Montag, Dienstag und Donnerstag:<br>17:00 bis 22:00 Uhr<br>Warme K\u00fcche bis 21:00 Uhr<\/p>\n\n\n\n<p><br>Mittwoch ist Ruhetag (au\u00dfer an Feiertagen)<\/p>\n\n\n\n<p><br>Freitag und Samstag:<br>11:30 bis 14:30 und von<br>17:00 bis 22:00 Uhr<br>Warme K\u00fcche bis 21:00 Uhr<\/p>\n\n\n\n<p><br>Sonn- und Feiertage:<br>11:30 bis 21:00<br>Warme K\u00fcche bis 20:00 Uhr<\/p>\n\n\n\n<p><br>34 Sitzpl\u00e4tze vorne\/34 Sitzpl\u00e4tze hinten<\/p>\n\n\n\n<p><br><strong>Planen Sie mit uns Ihre Feier?<br>bis zu 30 Personen m\u00f6glich<br>Sprechen Sie uns an!<\/strong><\/p>\n","protected":false},"excerpt":{"rendered":"<p>6 (7) Tage in der Woche ge\u00f6ffnet! Montag, Dienstag und Donnerstag:17:00 bis 22:00 UhrWarme K\u00fcche bis 21:00 Uhr Mittwoch ist Ruhetag (au\u00dfer an Feiertagen) Freitag und Samstag:11:30 bis 14:30 und von17:00 bis 22:00 UhrWarme K\u00fcche bis 21:00 Uhr Sonn- und Feiertage:11:30 bis 21:00Warme K\u00fcche bis 20:00 Uhr 34 Sitzpl\u00e4tze vorne\/34&#8230;<\/p>\n<p class=\"continue-reading-button\"> <a class=\"continue-reading-link\" href=\"https:\/\/www.dalmatia-koenigslutter.de\/?page_id=234\">mehr lesen&#8230;<i class=\"crycon-right-dir\"><\/i><\/a><\/p>\n","protected":false},"author":1,"featured_media":0,"parent":0,"menu_order":3,"comment_status":"closed","ping_status":"closed","template":"templates\/template-onecolumn.php","meta":{"footnotes":""},"class_list":["post-234","page","type-page","status-publish","hentry"],"jetpack_shortlink":"https:\/\/wp.me\/PaLtH9-3M","jetpack_sharing_enabled":true,"publishpress_future_action":{"enabled":false,"date":"2026-04-23 05:40:57","action":"change-status","newStatus":"draft","terms":[],"taxonomy":"","extraData":[]},"publishpress_future_workflow_manual_trigger":{"enabledWorkflows":[]},"_links":{"self":[{"href":"https:\/\/www.dalmatia-koenigslutter.de\/index.php?rest_route=\/wp\/v2\/pages\/234","targetHints":{"allow":["GET"]}}],"collection":[{"href":"https:\/\/www.dalmatia-koenigslutter.de\/index.php?rest_route=\/wp\/v2\/pages"}],"about":[{"href":"https:\/\/www.dalmatia-koenigslutter.de\/index.php?rest_route=\/wp\/v2\/types\/page"}],"author":[{"embeddable":true,"href":"https:\/\/www.dalmatia-koenigslutter.de\/index.php?rest_route=\/wp\/v2\/users\/1"}],"replies":[{"embeddable":true,"href":"https:\/\/www.dalmatia-koenigslutter.de\/index.php?rest_route=%2Fwp%2Fv2%2Fcomments&post=234"}],"version-history":[{"count":28,"href":"https:\/\/www.dalmatia-koenigslutter.de\/index.php?rest_route=\/wp\/v2\/pages\/234\/revisions"}],"predecessor-version":[{"id":1698,"href":"https:\/\/www.dalmatia-koenigslutter.de\/index.php?rest_route=\/wp\/v2\/pages\/234\/revisions\/1698"}],"wp:attachment":[{"href":"https:\/\/www.dalmatia-koenigslutter.de\/index.php?rest_route=%2Fwp%2Fv2%2Fmedia&parent=234"}],"curies":[{"name":"wp","href":"https:\/\/api.w.org\/{rel}","templated":true}]}}