{"id":245,"date":"2019-02-17T21:53:08","date_gmt":"2019-02-17T20:53:08","guid":{"rendered":"https:\/\/dalmatia.spielmannszug-koenigslutter.de\/?page_id=245"},"modified":"2019-05-15T13:25:56","modified_gmt":"2019-05-15T12:25:56","slug":"impressum","status":"publish","type":"page","link":"https:\/\/www.dalmatia-koenigslutter.de\/?page_id=245","title":{"rendered":"Impressum"},"content":{"rendered":"\n<p><strong>Verantwortlich f\u00fcr den Inhalt dieser Seite ist<\/strong><\/p>\n\n\n\n<p><strong>Bernard Kurti<\/strong><br><strong>Am Markt 8<br>38154 K\u00f6nigslutter am Elm<br>Telefon: 0 53 53 \/ 91 87 15 <\/strong><\/p>\n\n\n\n<h2 class=\"wp-block-heading\">URHEBER- UND KENNZEICHENRECHT<\/h2>\n\n\n\n<p>Die jeweiligen Autoren (im folgenden Autor genannt) sind bestrebt, in\n allen Publikationen die Urheberrechte der verwendeten Grafiken, \nTondokumente, Videosequenzen und Texte zu beachten, selbst erstellte \nGrafiken, Tondokumente, Videosequenzen und Texte zu nutzen oder auf \nlizenzfreie Grafiken, Tondokumente, Videosequenzen und Texte \nzur\u00fcckzugreifen. Alle innerhalb des Internetangebotes genannten und ggf.\n durch Dritte gesch\u00fctzten Marken- und Warenzeichen unterliegen \nuneingeschr\u00e4nkt den Bestimmungen des jeweils g\u00fcltigen Kennzeichenrechts \nund den Besitzrechten der jeweiligen eingetragenen Eigent\u00fcmer. Allein \naufgrund der blo\u00dfen Nennung ist nicht der Schlu\u00df zu ziehen, dass \nMarkenzeichen nicht durch Rechte Dritter gesch\u00fctzt sind. Das \nUrheberrecht f\u00fcr ver\u00f6ffentlichte, vom Autor selbst erstellte Objekte \nbleibt allein beim Autor. Eine Vervielf\u00e4ltigung oder Verwendung solcher \nGrafiken, Tondokumente, Videosequenzen und Texte in anderen \nelektronischen oder gedruckten Publikationen ist ohne ausdr\u00fcckliche \nZustimmung des Autors nicht gestattet. Es ist jedoch bis auf Widerruf \nerlaubt, einzelne Beitr\u00e4ge auszugsweise zu zitieren, vorausgesetzt, es \nerfolgt dabei keine sinnentstellende Ver\u00e4nderung und es wird eine \nunmissverst\u00e4ndliche Quellenangabe genannt.<\/p>\n\n\n\n<h2 class=\"wp-block-heading\">HAFTUNGSAUSSCHLUSS<\/h2>\n\n\n\n<h3 class=\"wp-block-heading\">1. Inhalt des Onlineangebotes<\/h3>\n\n\n\n<p>Der Autor \u00fcbernimmt keinerlei Gew\u00e4hr f\u00fcr die Aktualit\u00e4t, Korrektheit,\n Vollst\u00e4ndigkeit oder Qualit\u00e4t der bereitgestellten Informationen. \nHaftungsanspr\u00fcche gegen den Autor, welche sich auf Sch\u00e4den materieller \noder ideeller Art beziehen, die durch die Nutzung oder Nichtnutzung der \ndargebotenen Informationen bzw. durch die Nutzung fehlerhafter und \nunvollst\u00e4ndiger Informationen verursacht wurden, sind grunds\u00e4tzlich \nausgeschlossen, sofern seitens des Autors kein nachweislich \nvors\u00e4tzliches oder grob fahrl\u00e4ssiges Verschulden vorliegt. Alle Angebote\n sind freibleibend und unverbindlich. Der Autor beh\u00e4lt es sich \nausdr\u00fccklich vor, Teile der Seiten oder das gesamte Angebot ohne \ngesonderte Ank\u00fcndigung zu ver\u00e4ndern, zu erg\u00e4nzen, zu l\u00f6schen oder die \nVer\u00f6ffentlichung zeitweise oder endg\u00fcltig einzustellen.<\/p>\n\n\n\n<h3 class=\"wp-block-heading\">2. Verweise und Links<\/h3>\n\n\n\n<p>Bei direkten oder indirekten Verweisen auf fremde Internetseiten \n(\u201aLinks\u2018), die au\u00dferhalb des Verantwortungsbereiches des Autors liegen, \nw\u00fcrde eine Haftungsverpflichtung ausschlie\u00dflich in dem Fall in Kraft \ntreten, in dem der Autor von den Inhalten Kenntnis hat und es ihm \ntechnisch m\u00f6glich und zumutbar w\u00e4re, die Nutzung im Falle rechtswidriger\n Inhalte zu verhindern. Der Autor erkl\u00e4rt hiermit ausdr\u00fccklich, dass zum\n Zeitpunkt der Linksetzung keine illegalen Inhalte auf den zu \nverlinkenden Seiten erkennbar waren. Auf die aktuelle und zuk\u00fcnftige \nGestaltung, die Inhalte oder die Urheberschaft der gelinkten\/verkn\u00fcpften\n Seiten hat der Autor keinerlei Einfluss. Deshalb distanziert er sich \nhiermit ausdr\u00fccklich von allen Inhalten aller gelinkten \/verkn\u00fcpften \nSeiten, die nach der Linksetzung ver\u00e4ndert wurden. Diese Feststellung \ngilt f\u00fcr alle innerhalb des eigenen Internetangebotes gesetzten Links \nund Verweise sowie f\u00fcr Fremdeintr\u00e4ge in vom Autor eingerichteten \nG\u00e4steb\u00fcchern, Diskussionsforen und Mailinglisten. F\u00fcr illegale, \nfehlerhafte oder unvollst\u00e4ndige Inhalte und insbesondere f\u00fcr Sch\u00e4den, \ndie aus der Nutzung oder Nichtnutzung solcherart dargebotener \nInformationen entstehen, haftet allein der Anbieter der Seite, auf \nwelche verwiesen wurde, nicht derjenige, der \u00fcber Links auf die \njeweilige Ver\u00f6ffentlichung lediglich verweist.<\/p>\n\n\n\n<h3 class=\"wp-block-heading\">3. Rechtswirksamkeit dieses Haftungsausschlusses<\/h3>\n\n\n\n<p>Dieser Haftungsausschluss ist als Teil des Internetangebotes zu \nbetrachten, von dem aus auf diese Seite verwiesen wurde. Sofern Teile \noder einzelne Formulierungen dieses Textes der geltenden Rechtslage \nnicht, nicht mehr oder nicht vollst\u00e4ndig entsprechen sollten, bleiben \ndie \u00fcbrigen Teile des Dokumentes in ihrem Inhalt und ihrer G\u00fcltigkeit \ndavon unber\u00fchrt.<\/p>\n\n\n\n<h2 class=\"wp-block-heading\">DATENSCHUTZERKL\u00c4RUNG<\/h2>\n\n\n\n<p>Mit den auf dieser Website erhobenen Daten wird entsprechend den \ngeltenden Datenschutzbestimmungen verfahren. Eine Weitergabe von \npers\u00f6nlichen Daten an Dritte ohne ausdr\u00fcckliche Einwilligung des \nBetroffenen erfolgt grunds\u00e4tzlich nicht. Sofern innerhalb dieses \nAngebotes die M\u00f6glichkeit zur Eingabe pers\u00f6nlicher oder gesch\u00e4ftlicher \nDaten (Emailadressen, Namen, Anschriften) besteht, so erfolgt die \nPreisgabe dieser Daten seitens des Nutzers auf ausdr\u00fccklich freiwilliger\n Basis. Die Inanspruchnahme und Bezahlung aller angebotenen Dienste ist \u2013\n soweit technisch m\u00f6glich und zumutbar \u2013 auch ohne Angabe solcher Daten \nbzw. unter Angabe anonymisierter Daten oder eines Pseudonyms gestattet.<\/p>\n","protected":false},"excerpt":{"rendered":"<p>Verantwortlich f\u00fcr den Inhalt dieser Seite ist Bernard KurtiAm Markt 838154 K\u00f6nigslutter am ElmTelefon: 0 53 53 \/ 91 87 15 URHEBER- UND KENNZEICHENRECHT Die jeweiligen Autoren (im folgenden Autor genannt) sind bestrebt, in allen Publikationen die Urheberrechte der verwendeten Grafiken, Tondokumente, Videosequenzen und Texte zu beachten, selbst erstellte Grafiken,&#8230;<\/p>\n<p class=\"continue-reading-button\"> <a class=\"continue-reading-link\" href=\"https:\/\/www.dalmatia-koenigslutter.de\/?page_id=245\">mehr lesen&#8230;<i class=\"crycon-right-dir\"><\/i><\/a><\/p>\n","protected":false},"author":1,"featured_media":0,"parent":0,"menu_order":6,"comment_status":"closed","ping_status":"closed","template":"templates\/template-onecolumn.php","meta":{"footnotes":""},"class_list":["post-245","page","type-page","status-publish","hentry"],"jetpack_shortlink":"https:\/\/wp.me\/PaLtH9-3X","jetpack_sharing_enabled":true,"publishpress_future_action":{"enabled":false,"date":"2026-04-24 10:44:00","action":"change-status","newStatus":"draft","terms":[],"taxonomy":"","extraData":[]},"publishpress_future_workflow_manual_trigger":{"enabledWorkflows":[]},"_links":{"self":[{"href":"https:\/\/www.dalmatia-koenigslutter.de\/index.php?rest_route=\/wp\/v2\/pages\/245","targetHints":{"allow":["GET"]}}],"collection":[{"href":"https:\/\/www.dalmatia-koenigslutter.de\/index.php?rest_route=\/wp\/v2\/pages"}],"about":[{"href":"https:\/\/www.dalmatia-koenigslutter.de\/index.php?rest_route=\/wp\/v2\/types\/page"}],"author":[{"embeddable":true,"href":"https:\/\/www.dalmatia-koenigslutter.de\/index.php?rest_route=\/wp\/v2\/users\/1"}],"replies":[{"embeddable":true,"href":"https:\/\/www.dalmatia-koenigslutter.de\/index.php?rest_route=%2Fwp%2Fv2%2Fcomments&post=245"}],"version-history":[{"count":9,"href":"https:\/\/www.dalmatia-koenigslutter.de\/index.php?rest_route=\/wp\/v2\/pages\/245\/revisions"}],"predecessor-version":[{"id":1118,"href":"https:\/\/www.dalmatia-koenigslutter.de\/index.php?rest_route=\/wp\/v2\/pages\/245\/revisions\/1118"}],"wp:attachment":[{"href":"https:\/\/www.dalmatia-koenigslutter.de\/index.php?rest_route=%2Fwp%2Fv2%2Fmedia&parent=245"}],"curies":[{"name":"wp","href":"https:\/\/api.w.org\/{rel}","templated":true}]}}